{"id":157,"date":"2014-10-30T00:24:02","date_gmt":"2014-10-30T00:24:02","guid":{"rendered":"http:\/\/logistic.freevision.me\/?page_id=157"},"modified":"2023-02-23T16:37:07","modified_gmt":"2023-02-23T19:37:07","slug":"la-empresa","status":"publish","type":"page","link":"https:\/\/empresascec.com\/web\/company\/la-empresa\/","title":{"rendered":"La Empresa"},"content":{"rendered":"<p>[vc_row][vc_column][vc_column_text]<\/p>\n<h3>Log\u00edstica, Almacenamiento y Transporte<\/h3>\n<h5>Terrestre | Nacional | Internacional<\/h5>\n<ul>\n<li>Socio de la confederaci\u00f3n Nacional de due\u00f1os de camiones<\/li>\n<li>Manejo de carga en todo el territorio nacional<\/li>\n<li>Operaciones terrestres nacionales e internacionales<\/li>\n<li>Organizaci\u00f3n con operaciones desde el 2013<\/li>\n<li>Socios de la Asociaci\u00f3n de Industriales<\/li>\n<li>Contamos con oficinas en Espa\u00f1a, Chile , Ecuador y Per\u00fa<\/li>\n<\/ul>\n<p>Con nuestro centro de operaciones ubicado en en Norte Grande,\u00a0 actualmente tenemos acuerdos comerciales con los principales puertos de Chile, destacando el trabajo en conjunto con Iquique Terminal Internacional (ITI) , San Vicente Terminal Internacional (SVTI ) y Antofagasta Terminal Internacional (ATI).[\/vc_column_text][\/vc_column][\/vc_row][vc_row css=\u00bb.vc_custom_1644943939837{margin-top: 0px !important;margin-bottom: 0px !important;padding-top: 50px !important;padding-bottom: 80px !important;}\u00bb][vc_column width=\u00bb1\/2&#8243;]<h3 class=\"ozy-divider-cap-left wpb_content_element\">MISI\u00d3N<\/h3><div class=\"ozy-content-divider \" style=\"border-top-style:solid;border-top-width:2px;border-top-color:#34ccff;width:40px;max-width:40px;float:left;\"><\/div><div style=\"height:30px\" class=\"ozy-spacer\"><\/div>[vc_column_text]Brindar servicios de log\u00edstica y gesti\u00f3n. basado en las necesidades de nuestros clientes, logrando as\u00ed una operaci\u00f3n eficiente, segura y de calidad; para lo cual contamos con el personal capacitado y adecuado para llevar a cabo nuestra misi\u00f3n.[\/vc_column_text][\/vc_column][vc_column width=\u00bb1\/2&#8243;]<h3 class=\"ozy-divider-cap-left wpb_content_element\">VISI\u00d3N<\/h3><div class=\"ozy-content-divider \" style=\"border-top-style:solid;border-top-width:2px;border-top-color:#34ccff;width:40px;max-width:40px;float:left;\"><\/div><div style=\"height:30px\" class=\"ozy-spacer\"><\/div>[vc_column_text]Grupo CEC Spain SL, Calidad y compromiso, al servicio de su empresa[\/vc_column_text][\/vc_column][\/vc_row][vc_row][vc_column][vc_row_inner][vc_column_inner width=\u00bb1\/6&#8243;]<span id=\"ozy_icon_3415\" class=\"ozy-icon  wpb_content_element align-left xlarge square icon oic-flaticon1-container6 \" style=\"background-color:#34ccff!important;color:#ffffff;float:left\" data-color=\"#34ccff\"><\/span>[\/vc_column_inner][vc_column_inner width=\u00bb5\/6&#8243;][vc_column_text]<\/p>\n<h4>Experiencia en Log\u00edstica<\/h4>\n<p>Contamos con experiencia en diferentes rubros industriales como proyectos mineros, ERNC e industriales entre otras[\/vc_column_text][\/vc_column_inner][\/vc_row_inner][vc_row_inner][vc_column_inner width=\u00bb1\/6&#8243;]<span id=\"ozy_icon_3789\" class=\"ozy-icon  wpb_content_element align-left xlarge square icon oic-flaticon4-moving11 \" style=\"background-color:#34ccff!important;color:#ffffff;float:left\" data-color=\"#34ccff\"><\/span>[\/vc_column_inner][vc_column_inner width=\u00bb5\/6&#8243;][vc_column_text]<\/p>\n<h4>Proyectos de Energ\u00edas Renovables no convencionales<\/h4>\n<p>Todos los proyectos de energ\u00edas renovables, movilizan su carga principalmente en contenedores y otras como carga Break Bull desde almacenaje a Site.[\/vc_column_text][\/vc_column_inner][\/vc_row_inner][vc_row_inner][vc_column_inner width=\u00bb1\/6&#8243;]<span id=\"ozy_icon_8235\" class=\"ozy-icon  wpb_content_element align-left xlarge square icon oic-flaticon4-world92 \" style=\"background-color:#34ccff!important;color:#ffffff;float:left\" data-color=\"#34ccff\"><\/span>[\/vc_column_inner][vc_column_inner width=\u00bb5\/6&#8243;][vc_column_text]<\/p>\n<h4>Movimientos Internacionales<\/h4>\n<p>Empresas CEC, ha desarrollado manejo de cargas de proyectos utilizando el sistema de <a href=\"#\">Carga en Transito<\/a> desde los puertos del norte de Chile, hasta paises como Argentina, Per\u00fa y Bolivia.<\/p>\n<p>.[\/vc_column_text][\/vc_column_inner][\/vc_row_inner][vc_row_inner][vc_column_inner width=\u00bb1\/6&#8243;]<span id=\"ozy_icon_7577\" class=\"ozy-icon  wpb_content_element align-left xlarge square icon oic-flaticon4-packages3 \" style=\"background-color:#34ccff!important;color:#ffffff;float:left\" data-color=\"#34ccff\"><\/span>[\/vc_column_inner][vc_column_inner width=\u00bb5\/6&#8243;][vc_column_text]<\/p>\n<h4>Almacenaje<\/h4>\n<p>Mantenemos puntos de almacenaje, en los principales puertos del pa\u00eds, en donde generamos zonas de transferencia, permitiendo llegar con la carga seg\u00fan el requerimiento del Site Job. Contamos tambi\u00e9n con operaciones para desconsolidar y maniobras de Carga. .[\/vc_column_text][\/vc_column_inner][\/vc_row_inner][\/vc_column][\/vc_row]<\/p>\n","protected":false},"excerpt":{"rendered":"<p>[vc_row][vc_column][vc_column_text] Log\u00edstica, Almacenamiento y Transporte Terrestre | Nacional | Internacional Socio de la confederaci\u00f3n Nacional de due\u00f1os de camiones Manejo de carga en todo el territorio nacional Operaciones terrestres nacionales [&hellip;]<\/p>\n","protected":false},"author":1,"featured_media":0,"parent":88,"menu_order":0,"comment_status":"open","ping_status":"open","template":"","meta":{"_monsterinsights_skip_tracking":false,"_monsterinsights_sitenote_active":false,"_monsterinsights_sitenote_note":"","_monsterinsights_sitenote_category":0,"footnotes":""},"class_list":["post-157","page","type-page","status-publish","hentry"],"_links":{"self":[{"href":"https:\/\/empresascec.com\/web\/wp-json\/wp\/v2\/pages\/157","targetHints":{"allow":["GET"]}}],"collection":[{"href":"https:\/\/empresascec.com\/web\/wp-json\/wp\/v2\/pages"}],"about":[{"href":"https:\/\/empresascec.com\/web\/wp-json\/wp\/v2\/types\/page"}],"author":[{"embeddable":true,"href":"https:\/\/empresascec.com\/web\/wp-json\/wp\/v2\/users\/1"}],"replies":[{"embeddable":true,"href":"https:\/\/empresascec.com\/web\/wp-json\/wp\/v2\/comments?post=157"}],"version-history":[{"count":26,"href":"https:\/\/empresascec.com\/web\/wp-json\/wp\/v2\/pages\/157\/revisions"}],"predecessor-version":[{"id":10282,"href":"https:\/\/empresascec.com\/web\/wp-json\/wp\/v2\/pages\/157\/revisions\/10282"}],"up":[{"embeddable":true,"href":"https:\/\/empresascec.com\/web\/wp-json\/wp\/v2\/pages\/88"}],"wp:attachment":[{"href":"https:\/\/empresascec.com\/web\/wp-json\/wp\/v2\/media?parent=157"}],"curies":[{"name":"wp","href":"https:\/\/api.w.org\/{rel}","templated":true}]}}