{"id":1905,"date":"2022-01-06T01:24:02","date_gmt":"2022-01-06T01:24:02","guid":{"rendered":"http:\/\/empresascec.com\/web\/?page_id=1905"},"modified":"2025-02-21T04:09:48","modified_gmt":"2025-02-21T07:09:48","slug":"inicio","status":"publish","type":"page","link":"https:\/\/empresascec.com\/web\/","title":{"rendered":"Inicio"},"content":{"rendered":"<p>[vc_row row_fullwidth=\u00bb1&#8243; row_zero_column_space=\u00bb1&#8243; css=\u00bb.vc_custom_1641434549794{margin-top: 0px !important;margin-right: 0px !important;margin-bottom: 0px !important;margin-left: 0px !important;padding-top: 0px !important;padding-right: 0px !important;padding-bottom: 0px !important;padding-left: 0px !important;}\u00bb][vc_column]<div class=\"ozy-owlcarousel single  slide_cabecera\" data-autoplay=\"true\" data-items=\"1\" data-singleitem=\"true\" data-slidespeed=\"1000\" data-paginationSpeed=\"800\" data-autoheight=\"false\">\n<div class=\"item owl-item-3933\" style=\"width:1920px;height:939px\"><img decoding=\"async\" src=\"https:\/\/empresascec.com\/web\/wp-content\/uploads\/2022\/03\/6-slider.jpg\" alt=\"full\"\/><div class=\"caption\"><h1>ENF\u00d3QUESE EN SU NEGOCIO<\/h1><p>NOSOTROS NOS OCUPAMOS DE SU CARGA<\/p><\/div><\/div><div class=\"item owl-item-754\" style=\"width:1920px;height:939px\"><img decoding=\"async\" src=\"https:\/\/empresascec.com\/web\/wp-content\/uploads\/2022\/03\/2-slider.jpg\" alt=\"full\"\/><div class=\"caption\"><h1>ENF\u00d3QUESE EN SU NEGOCIO<\/h1><p>NOSOTROS NOS OCUPAMOS DE SU CARGA<\/p><\/div><\/div><div class=\"item owl-item-5581\" style=\"width:1280px;height:720px\"><img decoding=\"async\" src=\"https:\/\/empresascec.com\/web\/wp-content\/uploads\/2022\/01\/home-fotovoltaico.jpg\" alt=\"full\"\/><div class=\"caption\"><h1>ENF\u00d3QUESE EN SU NEGOCIO<\/h1><p>NOSOTROS NOS OCUPAMOS DE SU CARGA<\/p><\/div><\/div><div class=\"item owl-item-6824\" style=\"width:1024px;height:501px\"><img decoding=\"async\" src=\"https:\/\/empresascec.com\/web\/wp-content\/uploads\/2022\/01\/imagen-para-slider-z-1024x501-1.jpg\" alt=\"full\"\/><div class=\"caption\"><h1>ENF\u00d3QUESE EN SU NEGOCIO<\/h1><p>NOSOTROS NOS OCUPAMOS DE SU CARGA<\/p><\/div><\/div>\n<\/div>[vc_row_inner css=\u00bb.vc_custom_1461076835725{margin-top: 0px !important;margin-bottom: 0px !important;padding-top: 0px !important;padding-bottom: 0px !important;}\u00bb][vc_column_inner width=\u00bb1\/4&#8243;]<div id=\"ohwc-92092\" class=\"ozy-hover-card\">\t<div class=\"f\"><figure><img decoding=\"async\" src=\"https:\/\/empresascec.com\/web\/wp-content\/uploads\/2022\/02\/transporte.jpg\" alt=\"\"\/><\/figure>\t\t<div><i class=\"oic oic-flaticon5-truck\">&nbsp;<\/i><h3>Transporte End-to-End<\/h3><p>Desde el retiro de carga, hasta el manejo de carga en destino, gestionamos \u00edntegramente la comunicaci\u00f3n y contingencias.<\/p>\t\t<\/div>\t<\/div>\t<div class=\"s\">\t\t<div><i class=\"oic oic-flaticon5-truck\">&nbsp;<\/i><h3>Transporte End-to-End<\/h3>\t\t<\/div>\t<\/div><\/div>[\/vc_column_inner][vc_column_inner width=\u00bb1\/4&#8243;]<div id=\"ohwc-33607\" class=\"ozy-hover-card\">\t<div class=\"f\"><figure><img decoding=\"async\" src=\"https:\/\/empresascec.com\/web\/wp-content\/uploads\/2022\/02\/estudio-ruta.jpg\" alt=\"\"\/><\/figure>\t\t<div><i class=\"oic oic-flaticon4-world92\">&nbsp;<\/i><h3>Estudios de Ruta<\/h3><p>Somos un apoyo en la planificaci\u00f3n de su proyecto. Buscamos la ruta m\u00e1s eficaz a trav\u00e9s de nuestra experiencia en terreno Latinoamericano.<\/p>\t\t<\/div>\t<\/div>\t<div class=\"s\">\t\t<div><i class=\"oic oic-flaticon4-world92\">&nbsp;<\/i><h3>Estudios de Ruta<\/h3>\t\t<\/div>\t<\/div><\/div>[\/vc_column_inner][vc_column_inner width=\u00bb1\/4&#8243;]<div id=\"ohwc-63665\" class=\"ozy-hover-card\">\t<div class=\"f\"><figure><img decoding=\"async\" src=\"https:\/\/empresascec.com\/web\/wp-content\/uploads\/2022\/02\/tecnologia.jpg\" alt=\"\"\/><\/figure>\t\t<div><i class=\"oic oic-pe-icon-7-stroke-137\">&nbsp;<\/i><h3>Tecnolog\u00edas a su Servicio<\/h3><p>Tecnolog\u00edas de seguimiento, Torre de control y Gesti\u00f3n documental. Su proyecto y documentos en l\u00ednea siempre.<\/p>\t\t<\/div>\t<\/div>\t<div class=\"s\">\t\t<div><i class=\"oic oic-pe-icon-7-stroke-137\">&nbsp;<\/i><h3>Tecnolog\u00edas a su Servicio<\/h3>\t\t<\/div>\t<\/div><\/div>[\/vc_column_inner][vc_column_inner width=\u00bb1\/4&#8243;]<div id=\"ohwc-6011\" class=\"ozy-hover-card\">\t<div class=\"f\"><figure><img decoding=\"async\" src=\"https:\/\/empresascec.com\/web\/wp-content\/uploads\/2016\/04\/shutterstock_153676901-compressor-300x106.jpg\" alt=\"\"\/><\/figure>\t\t<div><i class=\"oic oic-flaticon1-boxes2\">&nbsp;<\/i><h3>Almacenamiento privado y portuario<\/h3><p>Mantenemos puntos de almacenaje en cada uno de los puertos del pa\u00eds.<br \/>\nConsolidaci\u00f3n, desconsolidaci\u00f3n, manipulaci\u00f3n carga, control de inventario y documental, devoluci\u00f3n de vac\u00edo en dep\u00f3sito.<\/p>\t\t<\/div>\t<\/div>\t<div class=\"s\">\t\t<div><i class=\"oic oic-flaticon1-boxes2\">&nbsp;<\/i><h3>Almacenamiento privado y portuario<\/h3>\t\t<\/div>\t<\/div><\/div>[\/vc_column_inner][\/vc_row_inner][\/vc_column][\/vc_row][vc_row content_placement=\u00bbmiddle\u00bb][vc_column width=\u00bb1\/2&#8243; css=\u00bb.vc_custom_1723429093437{margin-top: -40px !important;}\u00bb][vc_single_image image=\u00bb10329&#8243; img_size=\u00bbfull\u00bb][\/vc_column][vc_column width=\u00bb1\/2&#8243;][vc_column_text]Las empresas de alto rendimiento saben que la gesti\u00f3n de calidad es la ra\u00edz de su \u00e9xito. La certificaci\u00f3n del sistema integrado de gesti\u00f3n de calidad ISO 9001, Medio ambiente 14001 y Salud y seguridad en el trabajo 45001 en CEC SPAIN, viene a respaldar y sustentar este impulso y direcci\u00f3n para aumentar la eficiencia y superar las expectativas del cliente lo que se traduce en mejorar constantemente la gesti\u00f3n de riesgos en los procesos. Para as\u00ed competir eficazmente y ganar la lealtad de los clientes, queremos ofrecer servicios de calidad constante. Esto exige un enfoque riguroso para la gesti\u00f3n en los \u00e1mbitos se\u00f1alados.[\/vc_column_text][\/vc_column][\/vc_row][vc_row css=\u00bb.vc_custom_1461099735811{margin-top: 0px !important;margin-bottom: 0px !important;padding-top: 40px !important;padding-bottom: 20px !important;}\u00bb][vc_column][vc_column_text css=\u00bb.vc_custom_1641445576401{margin-bottom: 0px !important;padding-bottom: 10px !important;}\u00bb]<\/p>\n<h1 style=\"text-align: center;\"><strong>Nuestros <span style=\"color: #30d5ff;\">Servicios<\/span><\/strong><\/h1>\n<p>[\/vc_column_text][vc_custom_heading text=\u00bbSomos una empresa dedicada a la log\u00edstica de transporte y almacenamiento de carga desde el a\u00f1o 2013. Con presencia en diferentes rubros industriales como proyectos mineros, ERNC e industriales entre otras.\u00bb font_container=\u00bbtag:h3|font_size:24|text_align:center|color:%23000000|line_height:30px\u00bb google_fonts=\u00bbfont_family:Raleway%3A100%2C200%2C300%2Cregular%2C500%2C600%2C700%2C800%2C900|font_style:400%20regular%3A400%3Anormal\u00bb css=\u00bb.vc_custom_1641554211893{margin-top: 0px !important;margin-bottom: 60px !important;padding-top: 0px !important;}\u00bb][\/vc_column][\/vc_row][vc_row row_fullwidth=\u00bb1&#8243;][vc_column width=\u00bb1\/2&#8243;]<div class=\"ozy-anything-wrapper\" style=\"display:inline-block;width:100%;padding:30px 100px 30px 200px\"><h1 class=\"ozy-divider-cap-left wpb_content_element\">Transporte terrestre nacional e internacional<\/h1><div class=\"ozy-content-divider \" style=\"border-top-style:solid;border-top-width:2px;border-top-color:#000000;width:60px;max-width:60px;float:left;\"><\/div>[vc_custom_heading text=\u00bbSu carga a tiempo por tierra.<br \/>\nTrabajamos en conjunto con transportistas , puertos y almacenes\u00bb font_container=\u00bbtag:h4|font_size:24|text_align:left|color:%23000000|line_height:30px\u00bb google_fonts=\u00bbfont_family:Raleway%3A100%2C200%2C300%2Cregular%2C500%2C600%2C700%2C800%2C900|font_style:300%20light%20regular%3A300%3Anormal\u00bb css=\u00bb.vc_custom_1645130485360{margin-top: 0px !important;padding-top: 20px !important;}\u00bb]<\/div>[\/vc_column][vc_column width=\u00bb1\/2&#8243;][vc_single_image image=\u00bb10231&#8243; img_size=\u00bbfull\u00bb alignment=\u00bbcenter\u00bb zoom_on_hover=\u00bbyes\u00bb][\/vc_column][\/vc_row][vc_row row_fullwidth=\u00bb1&#8243;][vc_column width=\u00bb1\/2&#8243;][vc_single_image image=\u00bb10021&#8243; img_size=\u00bbfull\u00bb alignment=\u00bbcenter\u00bb zoom_on_hover=\u00bbyes\u00bb][\/vc_column][vc_column width=\u00bb1\/2&#8243;]<div class=\"ozy-anything-wrapper\" style=\"display:inline-block;width:100%;padding:30px 200px 30px 100px\"><h1 class=\"ozy-divider-cap-left wpb_content_element\">\u00danico Almac\u00e9n de Carga Peligrosas<\/h1><div class=\"ozy-content-divider \" style=\"border-top-style:solid;border-top-width:2px;border-top-color:#000000;width:60px;max-width:60px;float:left;\"><\/div>[vc_custom_heading text=\u00bb\u00danicos con almac\u00e9n para transferencia y almacenamiento de carga peligrosa en la regi\u00f3n de Tarapac\u00e1\u00bb font_container=\u00bbtag:h4|font_size:24|text_align:left|color:%23000000|line_height:30px\u00bb google_fonts=\u00bbfont_family:Raleway%3A100%2C200%2C300%2Cregular%2C500%2C600%2C700%2C800%2C900|font_style:300%20light%20regular%3A300%3Anormal\u00bb css=\u00bb.vc_custom_1645130938666{margin-top: 0px !important;padding-top: 20px !important;}\u00bb]<\/div>[\/vc_column][\/vc_row][vc_row row_fullwidth=\u00bb1&#8243;][vc_column width=\u00bb1\/2&#8243;]<div class=\"ozy-anything-wrapper\" style=\"display:inline-block;width:100%;padding:30px 100px 30px 200px\"><h1 class=\"ozy-divider-cap-left wpb_content_element\">Cargas de Proyecto<\/h1><div class=\"ozy-content-divider \" style=\"border-top-style:solid;border-top-width:2px;border-top-color:#000000;width:60px;max-width:60px;float:left;\"><\/div>[vc_custom_heading text=\u00bbEn respuesta a nuestros clientes globales, brindamos un servicio log\u00edstico de movimiento de cargas especiales, alineado a la estrategia operativa de su proyecto.\u00bb font_container=\u00bbtag:h4|font_size:24|text_align:left|color:%23000000|line_height:30px\u00bb google_fonts=\u00bbfont_family:Raleway%3A100%2C200%2C300%2Cregular%2C500%2C600%2C700%2C800%2C900|font_style:300%20light%20regular%3A300%3Anormal\u00bb css=\u00bb.vc_custom_1645131198011{margin-top: 0px !important;padding-top: 20px !important;}\u00bb]<\/div>[\/vc_column][vc_column width=\u00bb1\/2&#8243;][vc_single_image image=\u00bb10022&#8243; img_size=\u00bbfull\u00bb alignment=\u00bbcenter\u00bb zoom_on_hover=\u00bbyes\u00bb][\/vc_column][\/vc_row][vc_row row_fullwidth=\u00bb1&#8243;][vc_column width=\u00bb1\/2&#8243;][vc_single_image image=\u00bb10023&#8243; img_size=\u00bbfull\u00bb alignment=\u00bbcenter\u00bb zoom_on_hover=\u00bbyes\u00bb][\/vc_column][vc_column width=\u00bb1\/2&#8243;]<div class=\"ozy-anything-wrapper\" style=\"display:inline-block;width:100%;padding:30px 200px 30px 100px\"><h1 class=\"ozy-divider-cap-left wpb_content_element\">Manipulaci\u00f3n de carga en destino<\/h1><div class=\"ozy-content-divider \" style=\"border-top-style:solid;border-top-width:2px;border-top-color:#000000;width:60px;max-width:60px;float:left;\"><\/div>[vc_custom_heading text=\u00bbLa descarga de las mercanc\u00edas es el \u00faltimo eslab\u00f3n de la cadena log\u00edstica. Contamos con especialistas que manejan la carga hasta su lugar de destino.\u00bb font_container=\u00bbtag:h4|font_size:24|text_align:left|color:%23000000|line_height:30px\u00bb google_fonts=\u00bbfont_family:Raleway%3A100%2C200%2C300%2Cregular%2C500%2C600%2C700%2C800%2C900|font_style:300%20light%20regular%3A300%3Anormal\u00bb css=\u00bb.vc_custom_1641445756686{margin-top: 0px !important;padding-top: 20px !important;}\u00bb]<\/div>[\/vc_column][\/vc_row][vc_row row_fullwidth=\u00bb1&#8243;][vc_column width=\u00bb1\/2&#8243;]<div class=\"ozy-anything-wrapper\" style=\"display:inline-block;width:100%;padding:30px 100px 30px 200px\"><h1 class=\"ozy-divider-cap-left wpb_content_element\">Transporte de Carga terrestre internacional<\/h1><div class=\"ozy-content-divider \" style=\"border-top-style:solid;border-top-width:2px;border-top-color:#000000;width:60px;max-width:60px;float:left;\"><\/div>[vc_custom_heading text=\u00bbTrasladamos todo tipo de carga terrestre internacional ( Argentina, Bolivia, Per\u00fa ), gestionando el proceso documental para el \u00f3ptimo cumplimiento del servicio ( CRT, MIC DTA )\u00bb font_container=\u00bbtag:h4|font_size:24|text_align:left|color:%23000000|line_height:30px\u00bb google_fonts=\u00bbfont_family:Raleway%3A100%2C200%2C300%2Cregular%2C500%2C600%2C700%2C800%2C900|font_style:300%20light%20regular%3A300%3Anormal\u00bb css=\u00bb.vc_custom_1645131542073{margin-top: 0px !important;padding-top: 20px !important;}\u00bb]<\/div>[\/vc_column][vc_column width=\u00bb1\/2&#8243;][vc_single_image image=\u00bb10235&#8243; img_size=\u00bbfull\u00bb alignment=\u00bbcenter\u00bb zoom_on_hover=\u00bbyes\u00bb][\/vc_column][\/vc_row][vc_row row_fullwidth=\u00bb1&#8243; row_zero_column_space=\u00bb1&#8243; css=\u00bb.vc_custom_1461137960953{margin-top: 0px !important;margin-right: 0px !important;margin-bottom: 0px !important;margin-left: 0px !important;padding-top: 100px !important;padding-right: 0px !important;padding-bottom: 0px !important;padding-left: 0px !important;}\u00bb][vc_column]<h1 class=\"ozy-divider-cap-center wpb_content_element\">PROYECTOS REALIZADOS<\/h1><div class=\"ozy-content-divider \" style=\"border-top-style:solid;border-top-width:2px;border-top-color:#000000;width:40px;max-width:40px;margin:20px auto;\"><\/div>[vc_empty_space height=\u00bb20px\u00bb]<div class=\"ozy-owlcarousel  proyectos\" data-autoplay=\"true\" data-items=\"4\" data-singleitem=\"false\" data-slidespeed=\"800\" data-paginationSpeed=\"800\" data-autoheight=\"false\">\n<div class=\"item item-extended\" ><img decoding=\"async\" src=\"https:\/\/empresascec.com\/web\/wp-content\/uploads\/2022\/03\/fotovoltaico.jpg\" alt=\"\"\/><a><div class=\"overlay-one overlay-one-bg\"><h2>Proyectos Fotovoltaicos<\/h2><\/div><div class=\"overlay-two\" style=\"background-color:rgba(23,27,38,0.85)\"><p>Todos los parques fotovoltaicos llevan su carga CTR desde almac\u00e9n a Site Job.<\/p><\/div><\/a><\/div><div class=\"item item-extended\" ><img decoding=\"async\" src=\"https:\/\/empresascec.com\/web\/wp-content\/uploads\/2022\/03\/telescopio.jpg\" alt=\"\"\/><a><div class=\"overlay-one overlay-one-bg\"><h2>Proyectos Telescopio<\/h2><\/div><div class=\"overlay-two\" style=\"background-color:rgba(23,27,38,0.85)\"><p>Transporte de carga especial para el observatorio E-ELT en cerro armazones<\/p><\/div><\/a><\/div><div class=\"item item-extended\" ><img decoding=\"async\" src=\"https:\/\/empresascec.com\/web\/wp-content\/uploads\/2022\/01\/eolico.jpg\" alt=\"\"\/><a><div class=\"overlay-one overlay-one-bg\"><h2>Proyectos E\u00f3licos<\/h2><\/div><div class=\"overlay-two\" style=\"background-color:rgba(23,27,38,0.85)\"><p>Transporte de carga especial para los proyectos San Pedro III, Azabache y Ranaico<\/p><\/div><\/a><\/div><div class=\"item item-extended\" ><img decoding=\"async\" src=\"https:\/\/empresascec.com\/web\/wp-content\/uploads\/2022\/03\/geotermico.jpg\" alt=\"\"\/><a><div class=\"overlay-one overlay-one-bg\"><h2>Proyectos Geot\u00e9rmicos<\/h2><\/div><div class=\"overlay-two\" style=\"background-color:rgba(23,27,38,0.85)\"><p>Transporte de casetas el\u00e9ctricas para el proyecto cerro Pabell\u00f3n. Las casetas fueron cargadas directamente desde buque a cami\u00f3n.<\/p><\/div><\/a><\/div><div class=\"item item-extended\" ><img decoding=\"async\" src=\"https:\/\/empresascec.com\/web\/wp-content\/uploads\/2022\/03\/termoelectrica.jpg\" alt=\"\"\/><a><div class=\"overlay-one overlay-one-bg\"><h2>Planta termoel\u00e9ctrica<\/h2><\/div><div class=\"overlay-two\" style=\"background-color:rgba(23,27,38,0.85)\"><p>Transporte de contenedores, carga Sobredimensionada y carga suelta para la planta termoel\u00e9ctrica de Mejillones<\/p><\/div><\/a><\/div><div class=\"item item-extended\" ><img decoding=\"async\" src=\"https:\/\/empresascec.com\/web\/wp-content\/uploads\/2022\/03\/sobredimensionada.jpg\" alt=\"\"\/><a><div class=\"overlay-one overlay-one-bg\"><h2>Cargas sobredimensionadas<\/h2><\/div><div class=\"overlay-two\" style=\"background-color:rgba(23,27,38,0.85)\"><p>Transporte de carga sobredimensionada para el Proyecto Celta Collahuasi<\/p><\/div><\/a><\/div>\n<\/div>[\/vc_column][\/vc_row][vc_row row_fullwidth=\u00bb1&#8243; css=\u00bb.vc_custom_1461141353953{margin-top: 0px !important;margin-bottom: 0px !important;padding-top: 120px !important;padding-bottom: 120px !important;}\u00bb][vc_column width=\u00bb1\/5&#8243;]<h3 class=\"ozy-divider-cap-left wpb_content_element\">Indicadores<\/h3><div class=\"ozy-content-divider \" style=\"border-top-style:solid;border-top-width:2px;border-top-color:#000000;width:60px;max-width:60px;float:left;\"><\/div>[\/vc_column][vc_column width=\u00bb1\/5&#8243;]<span id=\"ozy_icon_7176\" class=\"ozy-icon  wpb_content_element align-center xlarge clean icon oic-outlined-iconset-106 \" style=\"\" ><\/span><div class=\"ozy-counter wpb_content_element \" style=\"color:#000000\"><div class=\"timer\" data-sign=\"\" data-signpos=\"right\" data-from=\"0\" data-to=\"15\">0<\/div><div class=\"hr\" style=\"background-color:#000000\"><\/div><span>Proyectos Fotovoltaicos<\/span><\/div>[\/vc_column][vc_column width=\u00bb1\/5&#8243;]<span id=\"ozy_icon_806\" class=\"ozy-icon  wpb_content_element align-center xlarge clean icon oic-flaticon1-container5 \" style=\"\" ><\/span><div class=\"ozy-counter wpb_content_element \" style=\"color:#000000\"><div class=\"timer\" data-sign=\"\" data-signpos=\"right\" data-from=\"800\" data-to=\"1000\">800<\/div><div class=\"hr\" style=\"background-color:#000000\"><\/div><span>Servicios de Transporte al Proyecto Telescopio Cerro Armazones E-ELT<\/span><\/div>[\/vc_column][vc_column width=\u00bb1\/5&#8243;]<span id=\"ozy_icon_4285\" class=\"ozy-icon  wpb_content_element align-center xlarge clean icon oic-flaticon1-container6 \" style=\"\" ><\/span><div class=\"ozy-counter wpb_content_element \" style=\"color:#000000\"><div class=\"timer\" data-sign=\"\" data-signpos=\"right\" data-from=\"10000\" data-to=\"10610\">10000<\/div><div class=\"hr\" style=\"background-color:#000000\"><\/div><span>Contenedores transportados en proyectos de energ\u00edas renovables ERNC<\/span><\/div>[\/vc_column][\/vc_row][vc_row css=\u00bb.vc_custom_1740121498069{padding-bottom: 70px !important;}\u00bb][vc_column][vc_single_image image=\u00bb10372&#8243; img_size=\u00bbfull\u00bb alignment=\u00bbright\u00bb onclick=\u00bbcustom_link\u00bb css=\u00bb.vc_custom_1740121674076{padding-top: 40px !important;padding-bottom: 70px !important;}\u00bb link=\u00bbhttp:\/\/empresascec.com\/web\/wp-content\/uploads\/2025\/02\/Infografiia-CEC.pdf\u00bb][\/vc_column][\/vc_row][vc_row row_fullwidth=\u00bb1&#8243; row_zero_column_space=\u00bb1&#8243; css=\u00bb.vc_custom_1461074158924{margin-top: 0px !important;margin-right: 0px !important;margin-bottom: 0px !important;margin-left: 0px !important;padding-top: 0px !important;padding-right: 0px !important;padding-bottom: 0px !important;padding-left: 0px !important;}\u00bb][vc_column]<div id=\"owcta-88626\" class=\"ozy-wide-call-to-action\"><div class=\"bar\"><div><i class=\"oic-flaticon5-time\">&nbsp;<\/i><div class=\"part1\"><\/div><div class=\"part2\"><a href=\"#request-a-rate\" class=\"comp-request-a-rate\">Contactenos<\/a><\/div><\/div><\/div><div class=\"gradient\"><div><h3>SERVICIOS DE LOG\u00cdSTICA <h3><h3>TERRESTRE INTERNACIONAL<\/h3><\/div><\/div><\/div>[\/vc_column][\/vc_row]<\/p>\n","protected":false},"excerpt":{"rendered":"<p>[vc_row row_fullwidth=\u00bb1&#8243; row_zero_column_space=\u00bb1&#8243; css=\u00bb.vc_custom_1641434549794{margin-top: 0px !important;margin-right: 0px !important;margin-bottom: 0px !important;margin-left: 0px !important;padding-top: 0px !important;padding-right: 0px !important;padding-bottom: 0px !important;padding-left: 0px !important;}\u00bb][vc_column][vc_row_inner css=\u00bb.vc_custom_1461076835725{margin-top: 0px !important;margin-bottom: 0px !important;padding-top: 0px !important;padding-bottom: 0px !important;}\u00bb][vc_column_inner width=\u00bb1\/4&#8243;][\/vc_column_inner][vc_column_inner [&hellip;]<\/p>\n","protected":false},"author":1,"featured_media":0,"parent":0,"menu_order":0,"comment_status":"closed","ping_status":"closed","template":"","meta":{"_monsterinsights_skip_tracking":false,"_monsterinsights_sitenote_active":false,"_monsterinsights_sitenote_note":"","_monsterinsights_sitenote_category":0,"footnotes":""},"class_list":["post-1905","page","type-page","status-publish","hentry"],"_links":{"self":[{"href":"https:\/\/empresascec.com\/web\/wp-json\/wp\/v2\/pages\/1905","targetHints":{"allow":["GET"]}}],"collection":[{"href":"https:\/\/empresascec.com\/web\/wp-json\/wp\/v2\/pages"}],"about":[{"href":"https:\/\/empresascec.com\/web\/wp-json\/wp\/v2\/types\/page"}],"author":[{"embeddable":true,"href":"https:\/\/empresascec.com\/web\/wp-json\/wp\/v2\/users\/1"}],"replies":[{"embeddable":true,"href":"https:\/\/empresascec.com\/web\/wp-json\/wp\/v2\/comments?post=1905"}],"version-history":[{"count":154,"href":"https:\/\/empresascec.com\/web\/wp-json\/wp\/v2\/pages\/1905\/revisions"}],"predecessor-version":[{"id":10384,"href":"https:\/\/empresascec.com\/web\/wp-json\/wp\/v2\/pages\/1905\/revisions\/10384"}],"wp:attachment":[{"href":"https:\/\/empresascec.com\/web\/wp-json\/wp\/v2\/media?parent=1905"}],"curies":[{"name":"wp","href":"https:\/\/api.w.org\/{rel}","templated":true}]}}