{"id":238,"date":"2014-10-31T21:18:20","date_gmt":"2014-10-31T21:18:20","guid":{"rendered":"http:\/\/logistic.freevision.me\/?page_id=238"},"modified":"2022-02-17T19:01:39","modified_gmt":"2022-02-17T22:01:39","slug":"logistics","status":"publish","type":"page","link":"https:\/\/empresascec.com\/web\/services\/logistics\/","title":{"rendered":"Logistics"},"content":{"rendered":"<p>[vc_row bg_parallax=\u00bbon\u00bb font_color=\u00bb#ffffff\u00bb css=\u00bb.vc_custom_1645024161008{margin-top: 0px !important;margin-bottom: 0px !important;padding-top: 200px !important;padding-bottom: 200px !important;background-image: url(http:\/\/empresascec.com\/web\/wp-content\/uploads\/2022\/02\/01-servicio-proyecto.jpg?id=10174) !important;}\u00bb row_id=\u00bbplane\u00bb][vc_column width=\u00bb1\/2&#8243;][\/vc_column][vc_column width=\u00bb1\/2&#8243;]<span id=\"ozy_icon_5121\" class=\"ozy-icon  wpb_content_element align-center xxxlarge clean icon  \" style=\"\" ><\/span>[vc_column_text]<\/p>\n<h2 style=\"text-align: center;\">Nuestra Experiencia en su negocio.<\/h2>\n<p>[\/vc_column_text][\/vc_column][\/vc_row][vc_row bg_parallax=\u00bboff\u00bb css=\u00bb.vc_custom_1414791187765{margin-top: 0px !important;margin-bottom: 0px !important;padding-top: 70px !important;padding-bottom: 70px !important;}\u00bb row_id=\u00bbsection01&#8243;][vc_column]<h3 class=\"ozy-divider-cap-center wpb_content_element\">SERVICIO DE TRANSPORTE TERRESTRE DE CARGA DE PROYECTOS<\/h3><div class=\"ozy-content-divider \" style=\"border-top-style:solid;border-top-width:2px;border-top-color:#34ccff;width:40px;max-width:40px;margin:20px auto;\"><\/div>[vc_column_text css=\u00bb.vc_custom_1645134290285{padding-right: 18% !important;padding-left: 18% !important;}\u00bb]<\/p>\n<h5 style=\"text-align: justify;\">La log\u00edstica de transportes terrestres en <a href=\"#\">proyectos de energ\u00edas renovables no convencionales (ERNC)<\/a>, traslado de <a href=\"#\">cargas especiales<\/a>, y cargas a la industria minera, nos han permitido forjar una experiencia compartida junto a nuestros clientes.<\/h5>\n<p>&nbsp;<\/p>\n<h5>Nuestro cerebro log\u00edstico est\u00e1 formado por profesionales multidisciplinarios y la\u00a0<a href=\"#\">uni\u00f3n de objetivos estrat\u00e9gicos<\/a> de una red de proveedores especialistas en terreno, dispuestos a prestar servicios acorde a los est\u00e1ndares de cada proyecto, certificados bajo la norma ISO 9001:2015.<\/h5>\n<h5 style=\"text-align: justify;\">.<\/h5>\n<p>[\/vc_column_text][vc_separator][\/vc_column][\/vc_row][vc_row bg_parallax=\u00bbon\u00bb font_color=\u00bb#ffffff\u00bb css=\u00bb.vc_custom_1645024473203{margin-top: 0px !important;margin-bottom: 0px !important;padding-top: 200px !important;padding-bottom: 200px !important;background-image: url(http:\/\/empresascec.com\/web\/wp-content\/uploads\/2022\/02\/02-servicio-planificacion.jpg?id=10176) !important;}\u00bb row_id=\u00bbplane\u00bb][vc_column width=\u00bb1\/2&#8243;][\/vc_column][vc_column width=\u00bb1\/2&#8243;]<span id=\"ozy_icon_2954\" class=\"ozy-icon  wpb_content_element align-center xxxlarge clean icon  \" style=\"\" ><\/span>[vc_column_text]<\/p>\n<h2 style=\"text-align: center;\">La planificaci\u00f3n de su proyecto, comienza con el proveedor.<\/h2>\n<p>[\/vc_column_text][\/vc_column][\/vc_row][vc_row bg_parallax=\u00bboff\u00bb css=\u00bb.vc_custom_1414791187765{margin-top: 0px !important;margin-bottom: 0px !important;padding-top: 70px !important;padding-bottom: 70px !important;}\u00bb row_id=\u00bbsection01&#8243;][vc_column]<h3 class=\"ozy-divider-cap-center wpb_content_element\">PLANIFICACION DE CARGA<\/h3><div class=\"ozy-content-divider \" style=\"border-top-style:solid;border-top-width:2px;border-top-color:#34ccff;width:40px;max-width:40px;margin:20px auto;\"><\/div>[vc_column_text css=\u00bb.vc_custom_1644964944587{padding-right: 18% !important;padding-left: 18% !important;}\u00bb]<\/p>\n<h5>Nos alineamos a los procedimientos de todos los agentes en la cadena del suministro, para entregar una\u00a0<a href=\"#\">distribuci\u00f3n eficaz<\/a>\u00a0y hacer su\u00a0<a href=\"#\">planificaci\u00f3n m\u00e1s eficiente<\/a>.<\/h5>\n<p>&nbsp;<\/p>\n<h5>Adaptamos nuestras tecnolog\u00edas de\u00a0<a href=\"#\">gesti\u00f3n documental en la nube<\/a>\u00a0a sus procedimientos y dise\u00f1amos un exhaustivo estudio de ruta en los ambientes m\u00e1s hostiles de Am\u00e9rica Latina.<\/h5>\n<p>[\/vc_column_text][vc_row_inner css=\u00bb.vc_custom_1645005679583{margin-bottom: 0px !important;padding-bottom: 50px !important;}\u00bb][vc_column_inner width=\u00bb1\/2&#8243;]<div id=\"tile-with-icon_icon321\" class=\"title-with-icon-wrapper clear xlarge \" data-color=\"\"><div class=\"wpb_content_element title-with-icon clearfix top-style\"><span  style=\"color:#34ccff !important;background-color: !important;\" class=\"oic-flaticon1-logistics1 clear xlarge \" ><\/span><h4 style=\"color:#6b6b6b\">Servicio de retiro de mercanc\u00edas.<\/h4><\/div><\/div>[\/vc_column_inner][vc_column_inner width=\u00bb1\/2&#8243;]<div id=\"tile-with-icon_icon7552\" class=\"title-with-icon-wrapper clear xlarge \" data-color=\"\"><div class=\"wpb_content_element title-with-icon clearfix top-style\"><span  style=\"color:#34ccff !important;background-color: !important;\" class=\"oic-flaticon1-boxes1 clear xlarge \" ><\/span><h4 style=\"color:#6b6b6b\">Servicios de consolidaci\u00f3n de carga.<\/h4><\/div><\/div>[\/vc_column_inner][\/vc_row_inner][\/vc_column][\/vc_row][vc_row bg_parallax=\u00bbon\u00bb css=\u00bb.vc_custom_1645024739588{margin-top: 0px !important;margin-bottom: 0px !important;padding-top: 200px !important;padding-bottom: 200px !important;background-image: url(http:\/\/empresascec.com\/web\/wp-content\/uploads\/2022\/02\/03-servicio-contingencia.jpg?id=10178) !important;}\u00bb font_color=\u00bb#ffffff\u00bb][vc_column width=\u00bb1\/2&#8243; css=\u00bb.vc_custom_1645025910509{border-top-width: 1px !important;border-right-width: 1px !important;border-bottom-width: 1px !important;border-left-width: 1px !important;padding-top: 30px !important;border-left-color: #ffffff !important;border-right-color: #ffffff !important;border-top-color: #ffffff !important;border-bottom-color: #ffffff !important;}\u00bb]<div id=\"tile-with-icon_icon7747\" class=\"title-with-icon-wrapper clear xxlarge \" data-color=\"\"><div class=\"wpb_content_element title-with-icon clearfix top-style\"><h2 class=\"no-icon content-color\" style=\"\">Su proyecto no se detiene, Nosotros tampoco<\/h2><\/div><\/div>[\/vc_column][vc_column width=\u00bb1\/2&#8243;][\/vc_column][\/vc_row][vc_row bg_parallax=\u00bboff\u00bb css=\u00bb.vc_custom_1461015903855{margin-top: 0px !important;margin-bottom: 0px !important;padding-top: 70px !important;padding-bottom: 40px !important;}\u00bb row_id=\u00bbsection01&#8243;][vc_column]<h3 class=\"ozy-divider-cap-center wpb_content_element\">GESTION DE CONTINGENCIAS<\/h3><div class=\"ozy-content-divider \" style=\"border-top-style:solid;border-top-width:2px;border-top-color:#34ccff;width:40px;max-width:40px;margin:20px auto;\"><\/div>[vc_column_text css=\u00bb.vc_custom_1645134620004{padding-right: 18% !important;padding-left: 18% !important;}\u00bb]<\/p>\n<h5>Errores documentales o cambio de puerto-destino,son problemas operacionales habituales en su control log\u00edstico. CEC SPAIN SL, trabaja estrechamente con recintos portuarios para <a href=\"#\">reaccionar oportunamente a las contingencias<\/a> de la log\u00edstica, asegurando su continuidad operacional.<\/h5>\n<p>&nbsp;<\/p>\n<h5>Todos los documentos de su proyecto se mantienen\u00a0<a href=\"#\">almacenados en l\u00ednea<\/a>\u00a0en el portal de clientes.<\/h5>\n<p>[\/vc_column_text][\/vc_column][\/vc_row][vc_row css=\u00bb.vc_custom_1645005755346{margin-bottom: 60px !important;}\u00bb][vc_column width=\u00bb1\/3&#8243;]<div id=\"tile-with-icon_icon4032\" class=\"title-with-icon-wrapper clear xlarge \" data-color=\"\"><div class=\"wpb_content_element title-with-icon clearfix top-style\"><span  style=\"color:#34ccff !important;background-color: !important;\" class=\"oic-flaticon2-map19 clear xlarge \" ><\/span><h4 style=\"color:#6b6b6b\">Servicio de seguimiento de carga<\/h4><\/div><\/div>[\/vc_column][vc_column width=\u00bb1\/3&#8243;]<div id=\"tile-with-icon_icon9556\" class=\"title-with-icon-wrapper clear xlarge \" data-color=\"\"><div class=\"wpb_content_element title-with-icon clearfix top-style\"><span  style=\"color:#34ccff !important;background-color: !important;\" class=\"oic-flaticon2-ship3 clear xlarge \" ><\/span><h4 style=\"color:#6b6b6b\">Trabajo in house con navieras y operadores portuarios<\/h4><\/div><\/div>[\/vc_column][vc_column width=\u00bb1\/3&#8243;]<div id=\"tile-with-icon_icon8734\" class=\"title-with-icon-wrapper clear xlarge \" data-color=\"\"><div class=\"wpb_content_element title-with-icon clearfix top-style\"><span  style=\"color:#34ccff !important;background-color: !important;\" class=\"oic-flaticon1-containers clear xlarge \" ><\/span><h4 style=\"color:#6b6b6b\">Convenios con puertos Latinoamericanos<\/h4><\/div><\/div>[\/vc_column][\/vc_row][vc_row bg_parallax=\u00bbon\u00bb css=\u00bb.vc_custom_1645025847360{margin-top: 0px !important;margin-bottom: 0px !important;padding-top: 200px !important;padding-bottom: 200px !important;background-image: url(http:\/\/empresascec.com\/web\/wp-content\/uploads\/2022\/02\/04-servicio-rutaV2.jpg?id=10188) !important;}\u00bb font_color=\u00bb#ffffff\u00bb][vc_column width=\u00bb1\/2&#8243; css=\u00bb.vc_custom_1645025919747{border-top-width: 1px !important;border-right-width: 1px !important;border-bottom-width: 1px !important;border-left-width: 1px !important;padding-top: 30px !important;border-left-color: #ffffff !important;border-right-color: #ffffff !important;border-top-color: #ffffff !important;border-bottom-color: #ffffff !important;}\u00bb]<div id=\"tile-with-icon_icon2164\" class=\"title-with-icon-wrapper clear xxlarge \" data-color=\"\"><div class=\"wpb_content_element title-with-icon clearfix top-style\"><h2 class=\"no-icon content-color\" style=\"\">Transportamos su carga, por la ruta \u00f3ptima<\/h2><\/div><\/div>[\/vc_column][vc_column width=\u00bb1\/2&#8243;][\/vc_column][\/vc_row][vc_row bg_parallax=\u00bboff\u00bb css=\u00bb.vc_custom_1461015903855{margin-top: 0px !important;margin-bottom: 0px !important;padding-top: 70px !important;padding-bottom: 40px !important;}\u00bb row_id=\u00bbsection01&#8243;][vc_column]<h3 class=\"ozy-divider-cap-center wpb_content_element\">TRANSPORTE TERRESTRE<\/h3><div class=\"ozy-content-divider \" style=\"border-top-style:solid;border-top-width:2px;border-top-color:#34ccff;width:40px;max-width:40px;margin:20px auto;\"><\/div>[vc_column_text css=\u00bb.vc_custom_1645134957410{padding-right: 18% !important;padding-left: 18% !important;}\u00bb]<\/p>\n<h5>Somos un apoyo en la\u00a0<a href=\"#\">planificaci\u00f3n de su proyecto<\/a>. Buscamos la ruta \u00f3ptima a trav\u00e9s de la experiencia en estudios de ruta.<\/h5>\n<p>&nbsp;<\/p>\n<h5>Conocer el estado general de la ruta para carga sobredimensionada, curvas y pendientes , entre otras variables, apoyan su log\u00edstica, reducen sus costos y minimizan los riesgos en la operaci\u00f3n de traslado de carga terrestre.<\/h5>\n<p>&nbsp;<\/p>\n<h5>Los\u00a0<a href=\"#\">estudios de ruta<\/a> se fortalecen con la administraci\u00f3n y capacitaci\u00f3n de proveedores locales, aplicando procedimientos seg\u00fan el sistema de gesti\u00f3n de calidad CEC SPAIN SL, permitiendo reducir riesgos de transporte en una ruta desconocida.<\/h5>\n<p>[\/vc_column_text][\/vc_column][\/vc_row][vc_row][vc_column width=\u00bb1\/3&#8243;]<div id=\"tile-with-icon_icon3871\" class=\"title-with-icon-wrapper clear xlarge \" data-color=\"\"><div class=\"wpb_content_element title-with-icon clearfix top-style\"><span  style=\"color:#34ccff !important;background-color: !important;\" class=\"oic-map clear xlarge \" ><\/span><h4 style=\"color:#6b6b6b\">Servicio de informe de ruta<\/h4><\/div><\/div>[\/vc_column][vc_column width=\u00bb1\/3&#8243;]<div id=\"tile-with-icon_icon6776\" class=\"title-with-icon-wrapper clear xlarge \" data-color=\"\"><div class=\"wpb_content_element title-with-icon clearfix top-style\"><span  style=\"color:#34ccff !important;background-color: !important;\" class=\"oic-flaticon1-container6 clear xlarge \" ><\/span><h4 style=\"color:#6b6b6b\">Traslados de contenedores<\/h4><\/div><\/div>[\/vc_column][vc_column width=\u00bb1\/3&#8243;]<div id=\"tile-with-icon_icon947\" class=\"title-with-icon-wrapper clear xlarge \" data-color=\"\"><div class=\"wpb_content_element title-with-icon clearfix top-style\"><span  style=\"color:#34ccff !important;background-color: !important;\" class=\"oic-flaticon1-package11 clear xlarge \" ><\/span><h4 style=\"color:#6b6b6b\">Traslados de carga especiales<\/h4><\/div><\/div>[\/vc_column][\/vc_row][vc_row css=\u00bb.vc_custom_1645005747524{margin-bottom: 60px !important;}\u00bb][vc_column width=\u00bb1\/2&#8243;]<div id=\"tile-with-icon_icon3301\" class=\"title-with-icon-wrapper clear xlarge \" data-color=\"\"><div class=\"wpb_content_element title-with-icon clearfix top-style\"><span  style=\"color:#34ccff !important;background-color: !important;\" class=\"oic-flaticon4-packages3 clear xlarge \" ><\/span><h4 style=\"color:#6b6b6b\">Almacenamiento y manipulaci\u00f3n de carga peligrosa<\/h4><\/div><\/div>[\/vc_column][vc_column width=\u00bb1\/2&#8243;]<div id=\"tile-with-icon_icon4354\" class=\"title-with-icon-wrapper clear xlarge \" data-color=\"\"><div class=\"wpb_content_element title-with-icon clearfix top-style\"><span  style=\"color:#34ccff !important;background-color: !important;\" class=\"oic-flaticon4-package15 clear xlarge \" ><\/span><h4 style=\"color:#6b6b6b\">Desconsolidaci\u00f3n<\/h4><\/div><\/div>[\/vc_column][\/vc_row][vc_row bg_parallax=\u00bbon\u00bb css=\u00bb.vc_custom_1645026041398{margin-top: 0px !important;margin-bottom: 0px !important;padding-top: 200px !important;padding-bottom: 200px !important;background-image: url(http:\/\/empresascec.com\/web\/wp-content\/uploads\/2022\/02\/05-servicio-desconsolidado-v2-1.jpg?id=10191) !important;}\u00bb font_color=\u00bb#ffffff\u00bb][vc_column width=\u00bb1\/2&#8243; css=\u00bb.vc_custom_1645025927949{border-top-width: 1px !important;border-right-width: 1px !important;border-bottom-width: 1px !important;border-left-width: 1px !important;padding-top: 30px !important;border-left-color: #ffffff !important;border-right-color: #ffffff !important;border-top-color: #ffffff !important;border-bottom-color: #ffffff !important;}\u00bb]<div id=\"tile-with-icon_icon2662\" class=\"title-with-icon-wrapper clear xxlarge \" data-color=\"\"><div class=\"wpb_content_element title-with-icon clearfix top-style\"><h2 class=\"no-icon content-color\" style=\"\">Cuando el trabajo parece terminado, seguimos trabajando<\/h2><\/div><\/div>[\/vc_column][vc_column width=\u00bb1\/2&#8243;][\/vc_column][\/vc_row][vc_row bg_parallax=\u00bboff\u00bb css=\u00bb.vc_custom_1461015903855{margin-top: 0px !important;margin-bottom: 0px !important;padding-top: 70px !important;padding-bottom: 40px !important;}\u00bb row_id=\u00bbsection01&#8243;][vc_column]<h3 class=\"ozy-divider-cap-center wpb_content_element\">SERVICIO DE MANIPULACION DE CARGA DE PROYECTOS<\/h3><div class=\"ozy-content-divider \" style=\"border-top-style:solid;border-top-width:2px;border-top-color:#34ccff;width:40px;max-width:40px;margin:20px auto;\"><\/div>[vc_column_text css=\u00bb.vc_custom_1645135298829{padding-right: 18% !important;padding-left: 18% !important;}\u00bb]<\/p>\n<div class=\"wpb_text_column wpb_content_element vc_custom_1474370293774\">\n<div class=\"wpb_wrapper\">\n<h5>La descarga de las mercanc\u00edas es el \u00faltimo eslab\u00f3n de la cadena log\u00edstica. <a href=\"#\">Contamos con especialistas<\/a> que manejan la carga hasta su lugar de destino, preocupados por mantener un servicio de calidad que <a href=\"#\">apoye su continuidad operativa<\/a>. Cuidando el medio ambiente con altos est\u00e1ndares de seguridad.<\/h5>\n<\/div>\n<\/div>\n<p>[\/vc_column_text][\/vc_column][\/vc_row][vc_row css=\u00bb.vc_custom_1645005739951{margin-bottom: 60px !important;}\u00bb][vc_column width=\u00bb1\/3&#8243;]<div id=\"tile-with-icon_icon3651\" class=\"title-with-icon-wrapper clear xlarge \" data-color=\"\"><div class=\"wpb_content_element title-with-icon clearfix top-style\"><span  style=\"color:#34ccff !important;background-color: !important;\" class=\"oic-flaticon1-delivery35 clear xlarge \" ><\/span><h4 style=\"color:#6b6b6b\">Manipulaci\u00f3n de carga<\/h4><\/div><\/div>[\/vc_column][vc_column width=\u00bb1\/3&#8243;]<div id=\"tile-with-icon_icon6590\" class=\"title-with-icon-wrapper clear xlarge \" data-color=\"\"><div class=\"wpb_content_element title-with-icon clearfix top-style\"><span  style=\"color:#34ccff !important;background-color: !important;\" class=\"oic-flaticon1-crane6 clear xlarge \" ><\/span><h4 style=\"color:#6b6b6b\">Servicio de Gruas<\/h4><\/div><\/div>[\/vc_column][vc_column width=\u00bb1\/3&#8243;]<div id=\"tile-with-icon_icon9142\" class=\"title-with-icon-wrapper clear xlarge \" data-color=\"\"><div class=\"wpb_content_element title-with-icon clearfix top-style\"><span  style=\"color:#34ccff !important;background-color: !important;\" class=\"oic-flaticon1-storage17 clear xlarge \" ><\/span><h4 style=\"color:#6b6b6b\">Almacenamiento<\/h4><\/div><\/div>[\/vc_column][\/vc_row]<\/p>\n","protected":false},"excerpt":{"rendered":"<p>[vc_row bg_parallax=\u00bbon\u00bb font_color=\u00bb#ffffff\u00bb css=\u00bb.vc_custom_1645024161008{margin-top: 0px !important;margin-bottom: 0px !important;padding-top: 200px !important;padding-bottom: 200px !important;background-image: url(http:\/\/empresascec.com\/web\/wp-content\/uploads\/2022\/02\/01-servicio-proyecto.jpg?id=10174) !important;}\u00bb row_id=\u00bbplane\u00bb][vc_column width=\u00bb1\/2&#8243;][\/vc_column][vc_column width=\u00bb1\/2&#8243;][vc_column_text] Nuestra Experiencia en su negocio. [\/vc_column_text][\/vc_column][\/vc_row][vc_row bg_parallax=\u00bboff\u00bb css=\u00bb.vc_custom_1414791187765{margin-top: 0px !important;margin-bottom: 0px !important;padding-top: 70px [&hellip;]<\/p>\n","protected":false},"author":1,"featured_media":0,"parent":47,"menu_order":0,"comment_status":"open","ping_status":"open","template":"","meta":{"_monsterinsights_skip_tracking":false,"_monsterinsights_sitenote_active":false,"_monsterinsights_sitenote_note":"","_monsterinsights_sitenote_category":0,"footnotes":""},"class_list":["post-238","page","type-page","status-publish","hentry"],"_links":{"self":[{"href":"https:\/\/empresascec.com\/web\/wp-json\/wp\/v2\/pages\/238","targetHints":{"allow":["GET"]}}],"collection":[{"href":"https:\/\/empresascec.com\/web\/wp-json\/wp\/v2\/pages"}],"about":[{"href":"https:\/\/empresascec.com\/web\/wp-json\/wp\/v2\/types\/page"}],"author":[{"embeddable":true,"href":"https:\/\/empresascec.com\/web\/wp-json\/wp\/v2\/users\/1"}],"replies":[{"embeddable":true,"href":"https:\/\/empresascec.com\/web\/wp-json\/wp\/v2\/comments?post=238"}],"version-history":[{"count":43,"href":"https:\/\/empresascec.com\/web\/wp-json\/wp\/v2\/pages\/238\/revisions"}],"predecessor-version":[{"id":10225,"href":"https:\/\/empresascec.com\/web\/wp-json\/wp\/v2\/pages\/238\/revisions\/10225"}],"up":[{"embeddable":true,"href":"https:\/\/empresascec.com\/web\/wp-json\/wp\/v2\/pages\/47"}],"wp:attachment":[{"href":"https:\/\/empresascec.com\/web\/wp-json\/wp\/v2\/media?parent=238"}],"curies":[{"name":"wp","href":"https:\/\/api.w.org\/{rel}","templated":true}]}}